{"id":25271,"date":"2023-07-06T22:21:09","date_gmt":"2023-07-06T21:21:09","guid":{"rendered":"https:\/\/taxi-brussels-airport.com\/?page_id=25271"},"modified":"2023-08-21T19:22:24","modified_gmt":"2023-08-21T18:22:24","slug":"privacy-policy","status":"publish","type":"page","link":"https:\/\/taxi-brussels-airport.com\/es\/privacy-policy\/","title":{"rendered":"Pol\u00edtica de privacidad"},"content":{"rendered":"<div data-elementor-type=\"wp-post\" data-elementor-id=\"25271\" class=\"elementor elementor-25271\">\n\t\t\t\t\t\t<section class=\"elementor-section elementor-top-section elementor-element elementor-element-9690a79 elementor-section-boxed elementor-section-height-default elementor-section-height-default\" data-id=\"9690a79\" data-element_type=\"section\" data-settings=\"{&quot;background_background&quot;:&quot;classic&quot;}\">\n\t\t\t\t\t\t\t<div class=\"elementor-background-overlay\"><\/div>\n\t\t\t\t\t\t\t<div class=\"elementor-container elementor-column-gap-default\">\n\t\t\t\t\t<div class=\"elementor-column elementor-col-100 elementor-top-column elementor-element elementor-element-69d31e9\" data-id=\"69d31e9\" data-element_type=\"column\">\n\t\t\t<div class=\"elementor-widget-wrap elementor-element-populated\">\n\t\t\t\t\t\t<div class=\"elementor-element elementor-element-b3f3576 elementor-widget elementor-widget-image-box\" data-id=\"b3f3576\" data-element_type=\"widget\" data-widget_type=\"image-box.default\">\n\t\t\t\t<div class=\"elementor-widget-container\">\n\t\t\t\t\t<div class=\"elementor-image-box-wrapper\"><div class=\"elementor-image-box-content\"><h1 class=\"elementor-image-box-title\">Pol\u00edtica de privacidad<\/h1><p class=\"elementor-image-box-description\">Proteger su privacidad es nuestra m\u00e1xima prioridad. Lea nuestra completa pol\u00edtica de privacidad para obtener informaci\u00f3n detallada.<\/p><\/div><\/div>\t\t\t\t<\/div>\n\t\t\t\t<\/div>\n\t\t\t\t\t<\/div>\n\t\t<\/div>\n\t\t\t\t\t<\/div>\n\t\t<\/section>\n\t\t\t\t<section class=\"elementor-section elementor-top-section elementor-element elementor-element-956eb93 elementor-section-content-top elementor-section-boxed elementor-section-height-default elementor-section-height-default\" data-id=\"956eb93\" data-element_type=\"section\" data-settings=\"{&quot;background_background&quot;:&quot;classic&quot;,&quot;shape_divider_bottom&quot;:&quot;waves&quot;}\">\n\t\t\t\t\t<div class=\"elementor-shape elementor-shape-bottom\" aria-hidden=\"true\" data-negative=\"false\">\n\t\t\t<svg xmlns=\"http:\/\/www.w3.org\/2000\/svg\" viewbox=\"0 0 1000 100\" preserveaspectratio=\"none\">\n\t<path class=\"elementor-shape-fill\" d=\"M421.9,6.5c22.6-2.5,51.5,0.4,75.5,5.3c23.6,4.9,70.9,23.5,100.5,35.7c75.8,32.2,133.7,44.5,192.6,49.7\tc23.6,2.1,48.7,3.5,103.4-2.5c54.7-6,106.2-25.6,106.2-25.6V0H0v30.3c0,0,72,32.6,158.4,30.5c39.2-0.7,92.8-6.7,134-22.4\tc21.2-8.1,52.2-18.2,79.7-24.2C399.3,7.9,411.6,7.5,421.9,6.5z\"\/>\n<\/svg>\t\t<\/div>\n\t\t\t\t\t<div class=\"elementor-container elementor-column-gap-default\">\n\t\t\t\t\t<div class=\"elementor-column elementor-col-50 elementor-top-column elementor-element elementor-element-daf9452\" data-id=\"daf9452\" data-element_type=\"column\">\n\t\t\t<div class=\"elementor-widget-wrap elementor-element-populated\">\n\t\t\t\t\t\t<div class=\"elementor-element elementor-element-9c20e7a elementor-widget elementor-widget-html\" data-id=\"9c20e7a\" data-element_type=\"widget\" data-widget_type=\"html.default\">\n\t\t\t\t<div class=\"elementor-widget-container\">\n\t\t\t\t\t<script src=\"https:\/\/app.farebookings.com\/iframe-resizer\/iframeResizer.min.js\"><\/script><iframe id='myIframe' src=\"https:\/\/app.farebookings.com\/step1ssl.php?k=73b562994cdd22a99d3afbdd544e6298&s=f&d=pp&lng=gb\" width=\"100%\" height=\"1400px\" frameborder=\"0\" scrolling=\"no\"><\/iframe><script>iFrameResize({ log: true }, '#myIframe')<\/script>\t\t\t\t<\/div>\n\t\t\t\t<\/div>\n\t\t\t\t\t<\/div>\n\t\t<\/div>\n\t\t\t\t<div class=\"elementor-column elementor-col-50 elementor-top-column elementor-element elementor-element-d72c8c8\" data-id=\"d72c8c8\" data-element_type=\"column\" data-settings=\"{&quot;background_background&quot;:&quot;classic&quot;}\">\n\t\t\t<div class=\"elementor-widget-wrap elementor-element-populated\">\n\t\t\t\t\t\t<div class=\"elementor-element elementor-element-3c4b297 elementor-widget elementor-widget-text-editor\" data-id=\"3c4b297\" data-element_type=\"widget\" data-widget_type=\"text-editor.default\">\n\t\t\t\t<div class=\"elementor-widget-container\">\n\t\t\t\t\t\t\t\t\t<div>taxi-brussels-airport.com (\"nosotros\", \"nuestro\" o \"nos\") respeta su privacidad y se compromete a protegerla mediante el cumplimiento de la presente Pol\u00edtica de Privacidad.<\/div><p>\u00a0<\/p><div>Esta Pol\u00edtica de Privacidad describe los tipos de informaci\u00f3n que podemos recopilar de usted o que usted puede proporcionarnos cuando visita nuestro sitio web taxi-brussels-airport.com (el \"Sitio Web\") y nuestras pr\u00e1cticas para recopilar, utilizar, mantener, proteger y divulgar dicha informaci\u00f3n.<\/div><p>\u00a0<\/p><div><strong>Informaci\u00f3n que recopilamos<\/strong><\/div><p>\u00a0<\/p><div>Podemos recopilar informaci\u00f3n que usted nos proporcione directamente, como su nombre, direcci\u00f3n de correo electr\u00f3nico, n\u00famero de tel\u00e9fono e informaci\u00f3n de pago cuando realice una reserva en nuestro sitio web. Tambi\u00e9n podemos recopilar informaci\u00f3n autom\u00e1ticamente mientras navega por el sitio web, como detalles de uso, direcciones IP e informaci\u00f3n recopilada a trav\u00e9s de cookies y otras tecnolog\u00edas de seguimiento.<\/div><p>\u00a0<\/p><div><strong>C\u00f3mo utilizamos su informaci\u00f3n<\/strong><\/div><div>Podemos utilizar la informaci\u00f3n que recopilamos sobre usted para prestarle nuestros servicios, procesar su pago, responder a sus consultas y comunicarnos con usted en relaci\u00f3n con su reserva. Tambi\u00e9n podemos utilizar la informaci\u00f3n para fines comerciales internos, como mejorar nuestro sitio web y nuestros servicios, analizar tendencias y prevenir el fraude.<\/div><p>\u00a0<\/p><div><strong>Divulgaci\u00f3n de sus datos<\/strong><\/div><div>Podemos revelar su informaci\u00f3n a terceros, como nuestros proveedores de servicios y filiales, para prestarle nuestros servicios, procesar su pago y comunicarnos con usted en relaci\u00f3n con su reserva. Tambi\u00e9n podemos revelar su informaci\u00f3n para cumplir con las leyes y reglamentos aplicables, para responder a una citaci\u00f3n, orden de registro u otra solicitud legal de informaci\u00f3n que recibamos, o para proteger nuestros derechos o los derechos de terceros.<\/div><p>\u00a0<\/p><div><strong>Seguridad de su informaci\u00f3n<\/strong><\/div><div>Hemos puesto en pr\u00e1ctica medidas razonables para proteger su informaci\u00f3n del acceso, uso o divulgaci\u00f3n no autorizados. Sin embargo, no se puede garantizar que la transmisi\u00f3n de datos por Internet o el sistema de almacenamiento sean 100% seguros.<\/div><p>\u00a0<\/p><div><strong>Sus opciones<\/strong><\/div><div>Puede optar por dejar de recibir nuestras comunicaciones comerciales siguiendo las instrucciones para darse de baja que figuran en la comunicaci\u00f3n. No obstante, podremos seguir envi\u00e1ndole comunicaciones no comerciales relacionadas con su reserva.<\/div><p>\u00a0<\/p><div><strong>Cambios en nuestra pol\u00edtica de privacidad<\/strong><\/div><div>Podemos actualizar esta Pol\u00edtica de Privacidad de vez en cuando, y la versi\u00f3n revisada entrar\u00e1 en vigor cuando se publique en el Sitio Web. Le recomendamos que revise peri\u00f3dicamente esta Pol\u00edtica de Privacidad.<\/div><p>\u00a0<\/p><div><strong>P\u00f3ngase en contacto con nosotros<\/strong><\/div><div>Si tiene alguna pregunta o duda sobre esta Pol\u00edtica de Privacidad o nuestras pr\u00e1cticas, p\u00f3ngase en contacto con nosotros en info@taxi-brussels-airport.com.<\/div><p>\u00a0<\/p><div><strong>Fecha de entrada en vigor<\/strong><\/div><div>Esta pol\u00edtica de privacidad se actualiz\u00f3 por \u00faltima vez el 20 de agosto de 2023<\/div>\t\t\t\t\t\t\t\t<\/div>\n\t\t\t\t<\/div>\n\t\t\t\t\t<\/div>\n\t\t<\/div>\n\t\t\t\t\t<\/div>\n\t\t<\/section>\n\t\t\t\t<\/div>","protected":false},"excerpt":{"rendered":"<p>Pol\u00edtica de privacidad La protecci\u00f3n de su privacidad es nuestra m\u00e1xima prioridad. Lea nuestra completa pol\u00edtica de privacidad para obtener informaci\u00f3n detallada. taxi-brussels-airport.com (\"nosotros\", \"nuestro\" o \"nos\") respeta su privacidad y se compromete a protegerla mediante el cumplimiento de esta Pol\u00edtica de Privacidad.   Esta Pol\u00edtica de Privacidad describe los tipos de informaci\u00f3n que podemos recoger de usted o que usted [...]<\/p>","protected":false},"author":1,"featured_media":0,"parent":0,"menu_order":0,"comment_status":"closed","ping_status":"closed","template":"","meta":{"om_disable_all_campaigns":false,"_monsterinsights_skip_tracking":false,"_monsterinsights_sitenote_active":false,"_monsterinsights_sitenote_note":"","_monsterinsights_sitenote_category":0,"_uf_show_specific_survey":0,"_uf_disable_surveys":false,"site-sidebar-layout":"no-sidebar","site-content-layout":"page-builder","ast-site-content-layout":"default","site-content-style":"default","site-sidebar-style":"default","ast-global-header-display":"","ast-banner-title-visibility":"","ast-main-header-display":"","ast-hfb-above-header-display":"","ast-hfb-below-header-display":"","ast-hfb-mobile-header-display":"","site-post-title":"disabled","ast-breadcrumbs-content":"","ast-featured-img":"disabled","footer-sml-layout":"","ast-disable-related-posts":"","theme-transparent-header-meta":"enabled","adv-header-id-meta":"","stick-header-meta":"","header-above-stick-meta":"","header-main-stick-meta":"","header-below-stick-meta":"","astra-migrate-meta-layouts":"default","ast-page-background-enabled":"default","ast-page-background-meta":{"desktop":{"background-color":"var(--ast-global-color-4)","background-image":"","background-repeat":"repeat","background-position":"center center","background-size":"auto","background-attachment":"scroll","background-type":"","background-media":"","overlay-type":"","overlay-color":"","overlay-opacity":"","overlay-gradient":""},"tablet":{"background-color":"","background-image":"","background-repeat":"repeat","background-position":"center center","background-size":"auto","background-attachment":"scroll","background-type":"","background-media":"","overlay-type":"","overlay-color":"","overlay-opacity":"","overlay-gradient":""},"mobile":{"background-color":"","background-image":"","background-repeat":"repeat","background-position":"center center","background-size":"auto","background-attachment":"scroll","background-type":"","background-media":"","overlay-type":"","overlay-color":"","overlay-opacity":"","overlay-gradient":""}},"ast-content-background-meta":{"desktop":{"background-color":"var(--ast-global-color-5)","background-image":"","background-repeat":"repeat","background-position":"center center","background-size":"auto","background-attachment":"scroll","background-type":"","background-media":"","overlay-type":"","overlay-color":"","overlay-opacity":"","overlay-gradient":""},"tablet":{"background-color":"var(--ast-global-color-5)","background-image":"","background-repeat":"repeat","background-position":"center center","background-size":"auto","background-attachment":"scroll","background-type":"","background-media":"","overlay-type":"","overlay-color":"","overlay-opacity":"","overlay-gradient":""},"mobile":{"background-color":"var(--ast-global-color-5)","background-image":"","background-repeat":"repeat","background-position":"center center","background-size":"auto","background-attachment":"scroll","background-type":"","background-media":"","overlay-type":"","overlay-color":"","overlay-opacity":"","overlay-gradient":""}},"footnotes":""},"class_list":["post-25271","page","type-page","status-publish","hentry"],"_links":{"self":[{"href":"https:\/\/taxi-brussels-airport.com\/es\/wp-json\/wp\/v2\/pages\/25271","targetHints":{"allow":["GET"]}}],"collection":[{"href":"https:\/\/taxi-brussels-airport.com\/es\/wp-json\/wp\/v2\/pages"}],"about":[{"href":"https:\/\/taxi-brussels-airport.com\/es\/wp-json\/wp\/v2\/types\/page"}],"author":[{"embeddable":true,"href":"https:\/\/taxi-brussels-airport.com\/es\/wp-json\/wp\/v2\/users\/1"}],"replies":[{"embeddable":true,"href":"https:\/\/taxi-brussels-airport.com\/es\/wp-json\/wp\/v2\/comments?post=25271"}],"version-history":[{"count":40,"href":"https:\/\/taxi-brussels-airport.com\/es\/wp-json\/wp\/v2\/pages\/25271\/revisions"}],"predecessor-version":[{"id":26148,"href":"https:\/\/taxi-brussels-airport.com\/es\/wp-json\/wp\/v2\/pages\/25271\/revisions\/26148"}],"wp:attachment":[{"href":"https:\/\/taxi-brussels-airport.com\/es\/wp-json\/wp\/v2\/media?parent=25271"}],"curies":[{"name":"wp","href":"https:\/\/api.w.org\/{rel}","templated":true}]}}