{"id":158,"date":"2018-12-06T12:49:02","date_gmt":"2018-12-06T12:49:02","guid":{"rendered":"https:\/\/taxi-brussels-airport.com\/?page_id=158"},"modified":"2023-08-21T19:23:00","modified_gmt":"2023-08-21T18:23:00","slug":"terms-conditions","status":"publish","type":"page","link":"https:\/\/taxi-brussels-airport.com\/fr\/terms-conditions\/","title":{"rendered":"Conditions g\u00e9n\u00e9rales d'utilisation"},"content":{"rendered":"<div data-elementor-type=\"wp-post\" data-elementor-id=\"158\" class=\"elementor elementor-158\">\n\t\t\t\t\t\t<section class=\"elementor-section elementor-top-section elementor-element elementor-element-9690a79 elementor-section-boxed elementor-section-height-default elementor-section-height-default\" data-id=\"9690a79\" data-element_type=\"section\" data-settings=\"{&quot;background_background&quot;:&quot;classic&quot;}\">\n\t\t\t\t\t\t\t<div class=\"elementor-background-overlay\"><\/div>\n\t\t\t\t\t\t\t<div class=\"elementor-container elementor-column-gap-default\">\n\t\t\t\t\t<div class=\"elementor-column elementor-col-100 elementor-top-column elementor-element elementor-element-69d31e9\" data-id=\"69d31e9\" data-element_type=\"column\">\n\t\t\t<div class=\"elementor-widget-wrap elementor-element-populated\">\n\t\t\t\t\t\t<div class=\"elementor-element elementor-element-b3f3576 elementor-widget elementor-widget-image-box\" data-id=\"b3f3576\" data-element_type=\"widget\" data-widget_type=\"image-box.default\">\n\t\t\t\t<div class=\"elementor-widget-container\">\n\t\t\t\t\t<div class=\"elementor-image-box-wrapper\"><div class=\"elementor-image-box-content\"><h1 class=\"elementor-image-box-title\">Terms &amp; Conditions<\/h1><p class=\"elementor-image-box-description\">Terms of Use for the Platform &amp; Service Operating under the Business Name \"Taxi Brussels Airport\"<\/p><\/div><\/div>\t\t\t\t<\/div>\n\t\t\t\t<\/div>\n\t\t\t\t\t<\/div>\n\t\t<\/div>\n\t\t\t\t\t<\/div>\n\t\t<\/section>\n\t\t\t\t<section class=\"elementor-section elementor-top-section elementor-element elementor-element-956eb93 elementor-section-content-top elementor-section-boxed elementor-section-height-default elementor-section-height-default\" data-id=\"956eb93\" data-element_type=\"section\" data-settings=\"{&quot;background_background&quot;:&quot;classic&quot;,&quot;shape_divider_bottom&quot;:&quot;waves&quot;}\">\n\t\t\t\t\t<div class=\"elementor-shape elementor-shape-bottom\" aria-hidden=\"true\" data-negative=\"false\">\n\t\t\t<svg xmlns=\"http:\/\/www.w3.org\/2000\/svg\" viewbox=\"0 0 1000 100\" preserveaspectratio=\"none\">\n\t<path class=\"elementor-shape-fill\" d=\"M421.9,6.5c22.6-2.5,51.5,0.4,75.5,5.3c23.6,4.9,70.9,23.5,100.5,35.7c75.8,32.2,133.7,44.5,192.6,49.7\tc23.6,2.1,48.7,3.5,103.4-2.5c54.7-6,106.2-25.6,106.2-25.6V0H0v30.3c0,0,72,32.6,158.4,30.5c39.2-0.7,92.8-6.7,134-22.4\tc21.2-8.1,52.2-18.2,79.7-24.2C399.3,7.9,411.6,7.5,421.9,6.5z\"\/>\n<\/svg>\t\t<\/div>\n\t\t\t\t\t<div class=\"elementor-container elementor-column-gap-default\">\n\t\t\t\t\t<div class=\"elementor-column elementor-col-50 elementor-top-column elementor-element elementor-element-daf9452\" data-id=\"daf9452\" data-element_type=\"column\">\n\t\t\t<div class=\"elementor-widget-wrap elementor-element-populated\">\n\t\t\t\t\t\t<div class=\"elementor-element elementor-element-8cd7d86 elementor-widget elementor-widget-html\" data-id=\"8cd7d86\" data-element_type=\"widget\" data-widget_type=\"html.default\">\n\t\t\t\t<div class=\"elementor-widget-container\">\n\t\t\t\t\t<script src=\"https:\/\/app.farebookings.com\/iframe-resizer\/iframeResizer.min.js\"><\/script><iframe id='myIframe' src=\"https:\/\/app.farebookings.com\/step1ssl.php?k=73b562994cdd22a99d3afbdd544e6298&s=f&d=pp&lng=gb\" width=\"100%\" height=\"1400px\" frameborder=\"0\" scrolling=\"no\"><\/iframe><script>iFrameResize({ log: true }, '#myIframe')<\/script>\t\t\t\t<\/div>\n\t\t\t\t<\/div>\n\t\t\t\t\t<\/div>\n\t\t<\/div>\n\t\t\t\t<div class=\"elementor-column elementor-col-50 elementor-top-column elementor-element elementor-element-d72c8c8\" data-id=\"d72c8c8\" data-element_type=\"column\" data-settings=\"{&quot;background_background&quot;:&quot;classic&quot;}\">\n\t\t\t<div class=\"elementor-widget-wrap elementor-element-populated\">\n\t\t\t\t\t\t<div class=\"elementor-element elementor-element-3c4b297 elementor-widget__width-initial elementor-widget elementor-widget-text-editor\" data-id=\"3c4b297\" data-element_type=\"widget\" data-widget_type=\"text-editor.default\">\n\t\t\t\t<div class=\"elementor-widget-container\">\n\t\t\t\t\t\t\t\t\t<p>Ces <b>Conditions g\u00e9n\u00e9rales d'utilisation<\/b> (\"Accord\") r\u00e9gissent votre utilisation du site web taxi-brussels-airport.com (\"Site web\"). En acc\u00e9dant au site ou en l'utilisant, vous acceptez d'\u00eatre li\u00e9 par le pr\u00e9sent accord. Si vous n'acceptez pas cet accord, vous ne pouvez pas acc\u00e9der au site ou l'utiliser.<\/p><p><strong>Services<\/strong><\/p><p>Nous fournissons des services de r\u00e9servation de taxis par l'interm\u00e9diaire de notre site web. Vous pouvez utiliser nos services pour r\u00e9server un taxi pour vous-m\u00eame ou pour une autre personne.<\/p><p><strong>Compte d'utilisateur<\/strong><\/p><p>Pour utiliser nos services, vous devez cr\u00e9er un compte sur notre site web. Vous \u00eates responsable du maintien de la confidentialit\u00e9 des informations relatives \u00e0 votre compte, y compris votre nom d'utilisateur et votre mot de passe. Vous acceptez de nous informer imm\u00e9diatement de toute utilisation non autoris\u00e9e de votre compte.<\/p><p><strong>R\u00e9servation<\/strong><\/p><p>Vous pouvez r\u00e9server un taxi par l'interm\u00e9diaire de notre site Web en indiquant le lieu, l'heure et la date de la prise en charge et de la d\u00e9pose. Vous devez fournir des informations exactes et compl\u00e8tes lorsque vous effectuez une r\u00e9servation. Nous pouvons annuler votre r\u00e9servation si nous constatons que vos informations sont inexactes ou incompl\u00e8tes.<\/p><p><b>Paiement<\/b><\/p><p>Vous devez payer le service de taxi au moment de la r\u00e9servation. Nous acceptons les paiements par carte de cr\u00e9dit et de d\u00e9bit. Vous devez fournir des informations de paiement exactes et compl\u00e8tes lorsque vous effectuez une r\u00e9servation. Nous pouvons annuler votre r\u00e9servation si nous ne sommes pas en mesure de traiter votre paiement.<\/p><p><strong>Annulation et remboursement<\/strong><\/p><p>Vous pouvez annuler votre r\u00e9servation jusqu'\u00e0 24 heures avant l'heure de prise en charge. Nous vous rembourserons votre paiement si vous annulez dans ce d\u00e9lai. Si vous annulez moins de 24 heures avant l'heure de prise en charge, nous pouvons facturer des frais d'annulation. Nous pouvons \u00e9galement facturer des frais d'annulation si vous ne vous pr\u00e9sentez pas \u00e0 votre r\u00e9servation.<\/p><p><strong>Propri\u00e9t\u00e9 intellectuelle<\/strong><\/p><p>Le site web et l'ensemble de son contenu, de ses caract\u00e9ristiques et de ses fonctionnalit\u00e9s (y compris, mais sans s'y limiter, toutes les informations, les logiciels, les textes, les affichages, les images, les vid\u00e9os et les sons, ainsi que leur conception, leur s\u00e9lection et leur disposition) nous appartiennent, appartiennent \u00e0 nos conc\u00e9dants de licence ou \u00e0 d'autres fournisseurs de ce mat\u00e9riel et sont prot\u00e9g\u00e9s par les lois britanniques et internationales sur les droits d'auteur, les marques, les brevets, les secrets commerciaux et d'autres lois sur la propri\u00e9t\u00e9 intellectuelle ou les droits de propri\u00e9t\u00e9.<\/p><p><strong>Exclusion de garantie<\/strong><\/p><p>Nous ne garantissons pas que le site web ou nos services seront ininterrompus ou exempts d'erreurs. Nous fournissons nos services \"en l'\u00e9tat\" et \"selon la disponibilit\u00e9\", sans aucune garantie de quelque nature que ce soit.<\/p><p><strong>Limitation de la responsabilit\u00e9<\/strong><\/p><p>Nous ne pouvons en aucun cas \u00eatre tenus responsables des dommages indirects, accessoires, sp\u00e9ciaux, punitifs ou cons\u00e9cutifs r\u00e9sultant de votre utilisation du site web ou de nos services, y compris, mais sans s'y limiter, les pertes de b\u00e9n\u00e9fices, de donn\u00e9es ou les interruptions d'activit\u00e9.<\/p><p><strong>Indemnisation<\/strong><\/p><p>Vous acceptez de nous indemniser et de nous tenir, ainsi que nos affili\u00e9s, dirigeants, agents et employ\u00e9s, \u00e0 l'\u00e9cart de toute r\u00e9clamation ou demande, y compris les honoraires raisonnables d'avocat, \u00e9manant d'un tiers et r\u00e9sultant de votre violation du pr\u00e9sent accord ou de votre violation d'une loi ou des droits d'un tiers.<\/p><p><strong>Cessation d'activit\u00e9<\/strong><\/p><p>Nous pouvons r\u00e9silier votre compte et votre acc\u00e8s au site web \u00e0 tout moment, pour quelque raison que ce soit ou sans raison, sans pr\u00e9avis ni responsabilit\u00e9 \u00e0 votre \u00e9gard.<\/p><p><strong>Droit applicable et juridiction<\/strong><\/p><p>Le pr\u00e9sent accord est r\u00e9gi et interpr\u00e9t\u00e9 conform\u00e9ment aux lois du Royaume-Uni, sans donner effet \u00e0 aucun principe de conflit de lois. Tout proc\u00e8s, action ou proc\u00e9dure d\u00e9coulant du pr\u00e9sent accord ou du site web, ou s'y rapportant, doit \u00eatre intent\u00e9 exclusivement devant les tribunaux du Royaume-Uni.<\/p><p><strong>Modifications du pr\u00e9sent accord<\/strong><\/p><p>Nous pouvons modifier le pr\u00e9sent accord \u00e0 tout moment, et la version r\u00e9vis\u00e9e entrera en vigueur lorsqu'elle sera publi\u00e9e sur le site web. Nous vous encourageons \u00e0 consulter r\u00e9guli\u00e8rement le pr\u00e9sent accord.<\/p><p><strong>Nous contacter<\/strong><\/p><p>Si vous avez des questions ou des pr\u00e9occupations concernant le pr\u00e9sent accord ou nos services, veuillez nous contacter \u00e0 l'adresse suivante : info@taxi-brussels-airport.com<\/p><p><strong>Date d'entr\u00e9e en vigueur<\/strong><\/p><p>Le pr\u00e9sent accord a \u00e9t\u00e9 mis \u00e0 jour pour la derni\u00e8re fois le 20 ao\u00fbt 2023.<\/p>\t\t\t\t\t\t\t\t<\/div>\n\t\t\t\t<\/div>\n\t\t\t\t\t<\/div>\n\t\t<\/div>\n\t\t\t\t\t<\/div>\n\t\t<\/section>\n\t\t\t\t<\/div>","protected":false},"excerpt":{"rendered":"<p>Conditions g\u00e9n\u00e9rales Conditions d'utilisation de la plate-forme et du service op\u00e9rant sous le nom commercial \"Taxi Brussels Airport\" Les pr\u00e9sentes conditions g\u00e9n\u00e9rales (\"Accord\") r\u00e9gissent votre utilisation du site web taxi-brussels-airport.com (\"Site web\"). En acc\u00e9dant au site ou en l'utilisant, vous acceptez d'\u00eatre li\u00e9 par la pr\u00e9sente convention. Si vous n'\u00eates pas d'accord avec cette convention, vous [...]<\/p>","protected":false},"author":1,"featured_media":0,"parent":0,"menu_order":0,"comment_status":"closed","ping_status":"closed","template":"","meta":{"om_disable_all_campaigns":false,"_monsterinsights_skip_tracking":false,"_monsterinsights_sitenote_active":false,"_monsterinsights_sitenote_note":"","_monsterinsights_sitenote_category":0,"_uf_show_specific_survey":0,"_uf_disable_surveys":false,"site-sidebar-layout":"no-sidebar","site-content-layout":"page-builder","ast-site-content-layout":"default","site-content-style":"default","site-sidebar-style":"default","ast-global-header-display":"","ast-banner-title-visibility":"","ast-main-header-display":"","ast-hfb-above-header-display":"","ast-hfb-below-header-display":"","ast-hfb-mobile-header-display":"","site-post-title":"disabled","ast-breadcrumbs-content":"","ast-featured-img":"disabled","footer-sml-layout":"","ast-disable-related-posts":"","theme-transparent-header-meta":"enabled","adv-header-id-meta":"","stick-header-meta":"","header-above-stick-meta":"","header-main-stick-meta":"","header-below-stick-meta":"","astra-migrate-meta-layouts":"default","ast-page-background-enabled":"default","ast-page-background-meta":{"desktop":{"background-color":"var(--ast-global-color-4)","background-image":"","background-repeat":"repeat","background-position":"center center","background-size":"auto","background-attachment":"scroll","background-type":"","background-media":"","overlay-type":"","overlay-color":"","overlay-opacity":"","overlay-gradient":""},"tablet":{"background-color":"","background-image":"","background-repeat":"repeat","background-position":"center center","background-size":"auto","background-attachment":"scroll","background-type":"","background-media":"","overlay-type":"","overlay-color":"","overlay-opacity":"","overlay-gradient":""},"mobile":{"background-color":"","background-image":"","background-repeat":"repeat","background-position":"center center","background-size":"auto","background-attachment":"scroll","background-type":"","background-media":"","overlay-type":"","overlay-color":"","overlay-opacity":"","overlay-gradient":""}},"ast-content-background-meta":{"desktop":{"background-color":"var(--ast-global-color-5)","background-image":"","background-repeat":"repeat","background-position":"center center","background-size":"auto","background-attachment":"scroll","background-type":"","background-media":"","overlay-type":"","overlay-color":"","overlay-opacity":"","overlay-gradient":""},"tablet":{"background-color":"var(--ast-global-color-5)","background-image":"","background-repeat":"repeat","background-position":"center center","background-size":"auto","background-attachment":"scroll","background-type":"","background-media":"","overlay-type":"","overlay-color":"","overlay-opacity":"","overlay-gradient":""},"mobile":{"background-color":"var(--ast-global-color-5)","background-image":"","background-repeat":"repeat","background-position":"center center","background-size":"auto","background-attachment":"scroll","background-type":"","background-media":"","overlay-type":"","overlay-color":"","overlay-opacity":"","overlay-gradient":""}},"footnotes":""},"class_list":["post-158","page","type-page","status-publish","hentry"],"_links":{"self":[{"href":"https:\/\/taxi-brussels-airport.com\/fr\/wp-json\/wp\/v2\/pages\/158","targetHints":{"allow":["GET"]}}],"collection":[{"href":"https:\/\/taxi-brussels-airport.com\/fr\/wp-json\/wp\/v2\/pages"}],"about":[{"href":"https:\/\/taxi-brussels-airport.com\/fr\/wp-json\/wp\/v2\/types\/page"}],"author":[{"embeddable":true,"href":"https:\/\/taxi-brussels-airport.com\/fr\/wp-json\/wp\/v2\/users\/1"}],"replies":[{"embeddable":true,"href":"https:\/\/taxi-brussels-airport.com\/fr\/wp-json\/wp\/v2\/comments?post=158"}],"version-history":[{"count":81,"href":"https:\/\/taxi-brussels-airport.com\/fr\/wp-json\/wp\/v2\/pages\/158\/revisions"}],"predecessor-version":[{"id":26151,"href":"https:\/\/taxi-brussels-airport.com\/fr\/wp-json\/wp\/v2\/pages\/158\/revisions\/26151"}],"wp:attachment":[{"href":"https:\/\/taxi-brussels-airport.com\/fr\/wp-json\/wp\/v2\/media?parent=158"}],"curies":[{"name":"wp","href":"https:\/\/api.w.org\/{rel}","templated":true}]}}