{"id":25271,"date":"2023-07-06T22:21:09","date_gmt":"2023-07-06T21:21:09","guid":{"rendered":"https:\/\/taxi-brussels-airport.com\/?page_id=25271"},"modified":"2023-08-21T19:22:24","modified_gmt":"2023-08-21T18:22:24","slug":"privacy-policy","status":"publish","type":"page","link":"https:\/\/taxi-brussels-airport.com\/fr\/privacy-policy\/","title":{"rendered":"Politique de confidentialit\u00e9"},"content":{"rendered":"<div data-elementor-type=\"wp-post\" data-elementor-id=\"25271\" class=\"elementor elementor-25271\">\n\t\t\t\t\t\t<section class=\"elementor-section elementor-top-section elementor-element elementor-element-9690a79 elementor-section-boxed elementor-section-height-default elementor-section-height-default\" data-id=\"9690a79\" data-element_type=\"section\" data-settings=\"{&quot;background_background&quot;:&quot;classic&quot;}\">\n\t\t\t\t\t\t\t<div class=\"elementor-background-overlay\"><\/div>\n\t\t\t\t\t\t\t<div class=\"elementor-container elementor-column-gap-default\">\n\t\t\t\t\t<div class=\"elementor-column elementor-col-100 elementor-top-column elementor-element elementor-element-69d31e9\" data-id=\"69d31e9\" data-element_type=\"column\">\n\t\t\t<div class=\"elementor-widget-wrap elementor-element-populated\">\n\t\t\t\t\t\t<div class=\"elementor-element elementor-element-b3f3576 elementor-widget elementor-widget-image-box\" data-id=\"b3f3576\" data-element_type=\"widget\" data-widget_type=\"image-box.default\">\n\t\t\t\t<div class=\"elementor-widget-container\">\n\t\t\t\t\t<div class=\"elementor-image-box-wrapper\"><div class=\"elementor-image-box-content\"><h1 class=\"elementor-image-box-title\">Politique de confidentialit\u00e9<\/h1><p class=\"elementor-image-box-description\">La protection de votre vie priv\u00e9e est notre priorit\u00e9 absolue. Lisez notre politique de confidentialit\u00e9 compl\u00e8te pour obtenir des informations d\u00e9taill\u00e9es.<\/p><\/div><\/div>\t\t\t\t<\/div>\n\t\t\t\t<\/div>\n\t\t\t\t\t<\/div>\n\t\t<\/div>\n\t\t\t\t\t<\/div>\n\t\t<\/section>\n\t\t\t\t<section class=\"elementor-section elementor-top-section elementor-element elementor-element-956eb93 elementor-section-content-top elementor-section-boxed elementor-section-height-default elementor-section-height-default\" data-id=\"956eb93\" data-element_type=\"section\" data-settings=\"{&quot;background_background&quot;:&quot;classic&quot;,&quot;shape_divider_bottom&quot;:&quot;waves&quot;}\">\n\t\t\t\t\t<div class=\"elementor-shape elementor-shape-bottom\" aria-hidden=\"true\" data-negative=\"false\">\n\t\t\t<svg xmlns=\"http:\/\/www.w3.org\/2000\/svg\" viewbox=\"0 0 1000 100\" preserveaspectratio=\"none\">\n\t<path class=\"elementor-shape-fill\" d=\"M421.9,6.5c22.6-2.5,51.5,0.4,75.5,5.3c23.6,4.9,70.9,23.5,100.5,35.7c75.8,32.2,133.7,44.5,192.6,49.7\tc23.6,2.1,48.7,3.5,103.4-2.5c54.7-6,106.2-25.6,106.2-25.6V0H0v30.3c0,0,72,32.6,158.4,30.5c39.2-0.7,92.8-6.7,134-22.4\tc21.2-8.1,52.2-18.2,79.7-24.2C399.3,7.9,411.6,7.5,421.9,6.5z\"\/>\n<\/svg>\t\t<\/div>\n\t\t\t\t\t<div class=\"elementor-container elementor-column-gap-default\">\n\t\t\t\t\t<div class=\"elementor-column elementor-col-50 elementor-top-column elementor-element elementor-element-daf9452\" data-id=\"daf9452\" data-element_type=\"column\">\n\t\t\t<div class=\"elementor-widget-wrap elementor-element-populated\">\n\t\t\t\t\t\t<div class=\"elementor-element elementor-element-9c20e7a elementor-widget elementor-widget-html\" data-id=\"9c20e7a\" data-element_type=\"widget\" data-widget_type=\"html.default\">\n\t\t\t\t<div class=\"elementor-widget-container\">\n\t\t\t\t\t<script src=\"https:\/\/app.farebookings.com\/iframe-resizer\/iframeResizer.min.js\"><\/script><iframe id='myIframe' src=\"https:\/\/app.farebookings.com\/step1ssl.php?k=73b562994cdd22a99d3afbdd544e6298&s=f&d=pp&lng=gb\" width=\"100%\" height=\"1400px\" frameborder=\"0\" scrolling=\"no\"><\/iframe><script>iFrameResize({ log: true }, '#myIframe')<\/script>\t\t\t\t<\/div>\n\t\t\t\t<\/div>\n\t\t\t\t\t<\/div>\n\t\t<\/div>\n\t\t\t\t<div class=\"elementor-column elementor-col-50 elementor-top-column elementor-element elementor-element-d72c8c8\" data-id=\"d72c8c8\" data-element_type=\"column\" data-settings=\"{&quot;background_background&quot;:&quot;classic&quot;}\">\n\t\t\t<div class=\"elementor-widget-wrap elementor-element-populated\">\n\t\t\t\t\t\t<div class=\"elementor-element elementor-element-3c4b297 elementor-widget elementor-widget-text-editor\" data-id=\"3c4b297\" data-element_type=\"widget\" data-widget_type=\"text-editor.default\">\n\t\t\t\t<div class=\"elementor-widget-container\">\n\t\t\t\t\t\t\t\t\t<div>taxi-brussels-airport.com (\"nous\") respecte votre vie priv\u00e9e et s'engage \u00e0 la prot\u00e9ger en se conformant \u00e0 la pr\u00e9sente politique de confidentialit\u00e9.<\/div><p>\u00a0<\/p><div>La pr\u00e9sente politique de confidentialit\u00e9 d\u00e9crit les types d'informations que nous pouvons recueillir aupr\u00e8s de vous ou que vous pouvez nous fournir lorsque vous visitez notre site web taxi-brussels-airport.com (le \"site web\") et nos pratiques en mati\u00e8re de collecte, d'utilisation, de conservation, de protection et de divulgation de ces informations.<\/div><p>\u00a0<\/p><div><strong>Informations collect\u00e9es<\/strong><\/div><p>\u00a0<\/p><div>Nous pouvons recueillir des informations que vous nous fournissez directement, telles que votre nom, votre adresse \u00e9lectronique, votre num\u00e9ro de t\u00e9l\u00e9phone et vos informations de paiement lorsque vous effectuez une r\u00e9servation sur notre site web. Nous pouvons \u00e9galement collecter des informations automatiquement lorsque vous naviguez sur le site web, telles que les d\u00e9tails d'utilisation, les adresses IP et les informations collect\u00e9es par le biais de cookies et d'autres technologies de suivi.<\/div><p>\u00a0<\/p><div><strong>Comment nous utilisons vos informations<\/strong><\/div><div>Nous pouvons utiliser les informations que nous recueillons aupr\u00e8s de vous pour vous fournir nos services, traiter votre paiement, r\u00e9pondre \u00e0 vos demandes et communiquer avec vous au sujet de votre r\u00e9servation. Nous pouvons \u00e9galement utiliser ces informations \u00e0 des fins commerciales internes, notamment pour am\u00e9liorer notre site web et nos services, analyser les tendances et pr\u00e9venir la fraude.<\/div><p>\u00a0<\/p><div><strong>Divulgation de vos informations<\/strong><\/div><div>Nous pouvons divulguer vos informations \u00e0 des tiers, tels que nos prestataires de services et nos soci\u00e9t\u00e9s affili\u00e9es, pour vous fournir nos services, traiter votre paiement et communiquer avec vous au sujet de votre r\u00e9servation. Nous pouvons \u00e9galement divulguer vos informations pour nous conformer aux lois et r\u00e9glementations applicables, pour r\u00e9pondre \u00e0 une citation \u00e0 compara\u00eetre, \u00e0 un mandat de perquisition ou \u00e0 toute autre demande l\u00e9gale d'informations que nous recevons, ou pour prot\u00e9ger nos droits ou les droits d'autrui.<\/div><p>\u00a0<\/p><div><strong>S\u00e9curit\u00e9 de vos informations<\/strong><\/div><div>Nous avons mis en \u0153uvre des mesures raisonnables pour prot\u00e9ger vos informations contre l'acc\u00e8s, l'utilisation ou la divulgation non autoris\u00e9s. Toutefois, aucune transmission de donn\u00e9es sur l'internet ou aucun syst\u00e8me de stockage ne peut \u00eatre garanti comme \u00e9tant 100% s\u00fbr.<\/div><p>\u00a0<\/p><div><strong>Vos choix<\/strong><\/div><div>Vous pouvez refuser de recevoir des communications marketing de notre part en suivant les instructions de d\u00e9sabonnement figurant dans la communication. Toutefois, nous pouvons toujours vous envoyer des communications non commerciales li\u00e9es \u00e0 votre r\u00e9servation.<\/div><p>\u00a0<\/p><div><strong>Modifications de notre politique de confidentialit\u00e9<\/strong><\/div><div>Nous pouvons mettre \u00e0 jour la pr\u00e9sente politique de confidentialit\u00e9 de temps \u00e0 autre, et la version r\u00e9vis\u00e9e entrera en vigueur lorsqu'elle sera publi\u00e9e sur le site web. Nous vous encourageons \u00e0 consulter r\u00e9guli\u00e8rement la pr\u00e9sente politique de confidentialit\u00e9.<\/div><p>\u00a0<\/p><div><strong>Nous contacter<\/strong><\/div><div>Si vous avez des questions ou des pr\u00e9occupations concernant la pr\u00e9sente politique de confidentialit\u00e9 ou nos pratiques, veuillez nous contacter \u00e0 l'adresse suivante : info@taxi-brussels-airport.com.<\/div><p>\u00a0<\/p><div><strong>Date d'entr\u00e9e en vigueur<\/strong><\/div><div>La pr\u00e9sente politique de confidentialit\u00e9 a \u00e9t\u00e9 mise \u00e0 jour pour la derni\u00e8re fois le 20 ao\u00fbt 2023.<\/div>\t\t\t\t\t\t\t\t<\/div>\n\t\t\t\t<\/div>\n\t\t\t\t\t<\/div>\n\t\t<\/div>\n\t\t\t\t\t<\/div>\n\t\t<\/section>\n\t\t\t\t<\/div>","protected":false},"excerpt":{"rendered":"<p>Politique de confidentialit\u00e9 La protection de votre vie priv\u00e9e est notre priorit\u00e9 absolue. Taxi-brussels-airport.com (\"nous\") respecte votre vie priv\u00e9e et s'engage \u00e0 la prot\u00e9ger en se conformant \u00e0 la pr\u00e9sente politique de confidentialit\u00e9.   Cette politique de confidentialit\u00e9 d\u00e9crit les types d'informations que nous pouvons collecter aupr\u00e8s de vous ou que vous [...]<\/p>","protected":false},"author":1,"featured_media":0,"parent":0,"menu_order":0,"comment_status":"closed","ping_status":"closed","template":"","meta":{"om_disable_all_campaigns":false,"_monsterinsights_skip_tracking":false,"_monsterinsights_sitenote_active":false,"_monsterinsights_sitenote_note":"","_monsterinsights_sitenote_category":0,"_uf_show_specific_survey":0,"_uf_disable_surveys":false,"site-sidebar-layout":"no-sidebar","site-content-layout":"page-builder","ast-site-content-layout":"default","site-content-style":"default","site-sidebar-style":"default","ast-global-header-display":"","ast-banner-title-visibility":"","ast-main-header-display":"","ast-hfb-above-header-display":"","ast-hfb-below-header-display":"","ast-hfb-mobile-header-display":"","site-post-title":"disabled","ast-breadcrumbs-content":"","ast-featured-img":"disabled","footer-sml-layout":"","ast-disable-related-posts":"","theme-transparent-header-meta":"enabled","adv-header-id-meta":"","stick-header-meta":"","header-above-stick-meta":"","header-main-stick-meta":"","header-below-stick-meta":"","astra-migrate-meta-layouts":"default","ast-page-background-enabled":"default","ast-page-background-meta":{"desktop":{"background-color":"var(--ast-global-color-4)","background-image":"","background-repeat":"repeat","background-position":"center center","background-size":"auto","background-attachment":"scroll","background-type":"","background-media":"","overlay-type":"","overlay-color":"","overlay-opacity":"","overlay-gradient":""},"tablet":{"background-color":"","background-image":"","background-repeat":"repeat","background-position":"center center","background-size":"auto","background-attachment":"scroll","background-type":"","background-media":"","overlay-type":"","overlay-color":"","overlay-opacity":"","overlay-gradient":""},"mobile":{"background-color":"","background-image":"","background-repeat":"repeat","background-position":"center center","background-size":"auto","background-attachment":"scroll","background-type":"","background-media":"","overlay-type":"","overlay-color":"","overlay-opacity":"","overlay-gradient":""}},"ast-content-background-meta":{"desktop":{"background-color":"var(--ast-global-color-5)","background-image":"","background-repeat":"repeat","background-position":"center center","background-size":"auto","background-attachment":"scroll","background-type":"","background-media":"","overlay-type":"","overlay-color":"","overlay-opacity":"","overlay-gradient":""},"tablet":{"background-color":"var(--ast-global-color-5)","background-image":"","background-repeat":"repeat","background-position":"center center","background-size":"auto","background-attachment":"scroll","background-type":"","background-media":"","overlay-type":"","overlay-color":"","overlay-opacity":"","overlay-gradient":""},"mobile":{"background-color":"var(--ast-global-color-5)","background-image":"","background-repeat":"repeat","background-position":"center center","background-size":"auto","background-attachment":"scroll","background-type":"","background-media":"","overlay-type":"","overlay-color":"","overlay-opacity":"","overlay-gradient":""}},"footnotes":""},"class_list":["post-25271","page","type-page","status-publish","hentry"],"_links":{"self":[{"href":"https:\/\/taxi-brussels-airport.com\/fr\/wp-json\/wp\/v2\/pages\/25271","targetHints":{"allow":["GET"]}}],"collection":[{"href":"https:\/\/taxi-brussels-airport.com\/fr\/wp-json\/wp\/v2\/pages"}],"about":[{"href":"https:\/\/taxi-brussels-airport.com\/fr\/wp-json\/wp\/v2\/types\/page"}],"author":[{"embeddable":true,"href":"https:\/\/taxi-brussels-airport.com\/fr\/wp-json\/wp\/v2\/users\/1"}],"replies":[{"embeddable":true,"href":"https:\/\/taxi-brussels-airport.com\/fr\/wp-json\/wp\/v2\/comments?post=25271"}],"version-history":[{"count":40,"href":"https:\/\/taxi-brussels-airport.com\/fr\/wp-json\/wp\/v2\/pages\/25271\/revisions"}],"predecessor-version":[{"id":26148,"href":"https:\/\/taxi-brussels-airport.com\/fr\/wp-json\/wp\/v2\/pages\/25271\/revisions\/26148"}],"wp:attachment":[{"href":"https:\/\/taxi-brussels-airport.com\/fr\/wp-json\/wp\/v2\/media?parent=25271"}],"curies":[{"name":"wp","href":"https:\/\/api.w.org\/{rel}","templated":true}]}}