{"id":25271,"date":"2023-07-06T22:21:09","date_gmt":"2023-07-06T21:21:09","guid":{"rendered":"https:\/\/taxi-brussels-airport.com\/?page_id=25271"},"modified":"2023-08-21T19:22:24","modified_gmt":"2023-08-21T18:22:24","slug":"privacy-policy","status":"publish","type":"page","link":"https:\/\/taxi-brussels-airport.com\/it\/privacy-policy\/","title":{"rendered":"Informativa sulla privacy"},"content":{"rendered":"<div data-elementor-type=\"wp-post\" data-elementor-id=\"25271\" class=\"elementor elementor-25271\">\n\t\t\t\t\t\t<section class=\"elementor-section elementor-top-section elementor-element elementor-element-9690a79 elementor-section-boxed elementor-section-height-default elementor-section-height-default\" data-id=\"9690a79\" data-element_type=\"section\" data-settings=\"{&quot;background_background&quot;:&quot;classic&quot;}\">\n\t\t\t\t\t\t\t<div class=\"elementor-background-overlay\"><\/div>\n\t\t\t\t\t\t\t<div class=\"elementor-container elementor-column-gap-default\">\n\t\t\t\t\t<div class=\"elementor-column elementor-col-100 elementor-top-column elementor-element elementor-element-69d31e9\" data-id=\"69d31e9\" data-element_type=\"column\">\n\t\t\t<div class=\"elementor-widget-wrap elementor-element-populated\">\n\t\t\t\t\t\t<div class=\"elementor-element elementor-element-b3f3576 elementor-widget elementor-widget-image-box\" data-id=\"b3f3576\" data-element_type=\"widget\" data-widget_type=\"image-box.default\">\n\t\t\t\t<div class=\"elementor-widget-container\">\n\t\t\t\t\t<div class=\"elementor-image-box-wrapper\"><div class=\"elementor-image-box-content\"><h1 class=\"elementor-image-box-title\">Informativa sulla privacy<\/h1><p class=\"elementor-image-box-description\">Proteggere la vostra privacy \u00e8 la nostra massima priorit\u00e0. Per informazioni dettagliate, leggete la nostra informativa sulla privacy.<\/p><\/div><\/div>\t\t\t\t<\/div>\n\t\t\t\t<\/div>\n\t\t\t\t\t<\/div>\n\t\t<\/div>\n\t\t\t\t\t<\/div>\n\t\t<\/section>\n\t\t\t\t<section class=\"elementor-section elementor-top-section elementor-element elementor-element-956eb93 elementor-section-content-top elementor-section-boxed elementor-section-height-default elementor-section-height-default\" data-id=\"956eb93\" data-element_type=\"section\" data-settings=\"{&quot;background_background&quot;:&quot;classic&quot;,&quot;shape_divider_bottom&quot;:&quot;waves&quot;}\">\n\t\t\t\t\t<div class=\"elementor-shape elementor-shape-bottom\" aria-hidden=\"true\" data-negative=\"false\">\n\t\t\t<svg xmlns=\"http:\/\/www.w3.org\/2000\/svg\" viewbox=\"0 0 1000 100\" preserveaspectratio=\"none\">\n\t<path class=\"elementor-shape-fill\" d=\"M421.9,6.5c22.6-2.5,51.5,0.4,75.5,5.3c23.6,4.9,70.9,23.5,100.5,35.7c75.8,32.2,133.7,44.5,192.6,49.7\tc23.6,2.1,48.7,3.5,103.4-2.5c54.7-6,106.2-25.6,106.2-25.6V0H0v30.3c0,0,72,32.6,158.4,30.5c39.2-0.7,92.8-6.7,134-22.4\tc21.2-8.1,52.2-18.2,79.7-24.2C399.3,7.9,411.6,7.5,421.9,6.5z\"\/>\n<\/svg>\t\t<\/div>\n\t\t\t\t\t<div class=\"elementor-container elementor-column-gap-default\">\n\t\t\t\t\t<div class=\"elementor-column elementor-col-50 elementor-top-column elementor-element elementor-element-daf9452\" data-id=\"daf9452\" data-element_type=\"column\">\n\t\t\t<div class=\"elementor-widget-wrap elementor-element-populated\">\n\t\t\t\t\t\t<div class=\"elementor-element elementor-element-9c20e7a elementor-widget elementor-widget-html\" data-id=\"9c20e7a\" data-element_type=\"widget\" data-widget_type=\"html.default\">\n\t\t\t\t<div class=\"elementor-widget-container\">\n\t\t\t\t\t<script src=\"https:\/\/app.farebookings.com\/iframe-resizer\/iframeResizer.min.js\"><\/script><iframe id='myIframe' src=\"https:\/\/app.farebookings.com\/step1ssl.php?k=73b562994cdd22a99d3afbdd544e6298&s=f&d=pp&lng=gb\" width=\"100%\" height=\"1400px\" frameborder=\"0\" scrolling=\"no\"><\/iframe><script>iFrameResize({ log: true }, '#myIframe')<\/script>\t\t\t\t<\/div>\n\t\t\t\t<\/div>\n\t\t\t\t\t<\/div>\n\t\t<\/div>\n\t\t\t\t<div class=\"elementor-column elementor-col-50 elementor-top-column elementor-element elementor-element-d72c8c8\" data-id=\"d72c8c8\" data-element_type=\"column\" data-settings=\"{&quot;background_background&quot;:&quot;classic&quot;}\">\n\t\t\t<div class=\"elementor-widget-wrap elementor-element-populated\">\n\t\t\t\t\t\t<div class=\"elementor-element elementor-element-3c4b297 elementor-widget elementor-widget-text-editor\" data-id=\"3c4b297\" data-element_type=\"widget\" data-widget_type=\"text-editor.default\">\n\t\t\t\t<div class=\"elementor-widget-container\">\n\t\t\t\t\t\t\t\t\t<div>taxi-bruxelles-aeroporto.com (\"noi\", \"nostro\" o \"ci\") rispetta la vostra privacy e si impegna a proteggerla attraverso il rispetto della presente Informativa sulla privacy.<\/div><p>\u00a0<\/p><div>La presente Informativa sulla privacy descrive i tipi di informazioni che possiamo raccogliere da voi o che potete fornirci quando visitate il nostro sito web taxi-brussels-airport.com (il \"Sito web\") e le nostre pratiche per la raccolta, l'utilizzo, il mantenimento, la protezione e la divulgazione di tali informazioni.<\/div><p>\u00a0<\/p><div><strong>Informazioni raccolte<\/strong><\/div><p>\u00a0<\/p><div>Possiamo raccogliere informazioni fornite direttamente dall'utente, come il nome, l'indirizzo e-mail, il numero di telefono e le informazioni di pagamento quando si effettua una prenotazione sul nostro sito web. Possiamo anche raccogliere informazioni automaticamente durante la navigazione del Sito, come i dati di utilizzo, gli indirizzi IP e le informazioni raccolte attraverso i cookie e altre tecnologie di tracciamento.<\/div><p>\u00a0<\/p><div><strong>Come utilizziamo le vostre informazioni<\/strong><\/div><div>Possiamo utilizzare le informazioni raccolte per fornirvi i nostri servizi, elaborare i vostri pagamenti, rispondere alle vostre richieste e comunicare con voi in merito alla vostra prenotazione. Possiamo anche utilizzare le informazioni per scopi aziendali interni, come ad esempio per migliorare il nostro sito web e i nostri servizi, per analizzare le tendenze e per prevenire le frodi.<\/div><p>\u00a0<\/p><div><strong>Divulgazione dei vostri dati<\/strong><\/div><div>Possiamo divulgare le vostre informazioni a terzi, come i nostri fornitori di servizi e affiliati, per fornirvi i nostri servizi, elaborare i vostri pagamenti e comunicare con voi in merito alla vostra prenotazione. Potremmo inoltre divulgare le vostre informazioni per conformarci alle leggi e ai regolamenti vigenti, per rispondere a una citazione in giudizio, a un mandato di perquisizione o a un'altra richiesta legittima di informazioni che riceviamo, o per proteggere i nostri diritti o i diritti di altri.<\/div><p>\u00a0<\/p><div><strong>Sicurezza delle informazioni<\/strong><\/div><div>Abbiamo implementato misure ragionevoli per proteggere le vostre informazioni da accessi, usi o divulgazioni non autorizzati. Tuttavia, nessuna trasmissione di dati su Internet o sistema di archiviazione pu\u00f2 essere garantita come 100% sicura.<\/div><p>\u00a0<\/p><div><strong>Le vostre scelte<\/strong><\/div><div>\u00c8 possibile rinunciare a ricevere comunicazioni di marketing da parte nostra seguendo le istruzioni di cancellazione contenute nella comunicazione. Tuttavia, potremmo continuare a inviarvi comunicazioni non di marketing relative alla vostra prenotazione.<\/div><p>\u00a0<\/p><div><strong>Modifiche alla nostra politica sulla privacy<\/strong><\/div><div>La presente Informativa sulla privacy pu\u00f2 essere aggiornata di tanto in tanto e la versione aggiornata entrer\u00e0 in vigore nel momento in cui sar\u00e0 pubblicata sul sito web. Vi invitiamo a rivedere periodicamente la presente Informativa sulla privacy.<\/div><p>\u00a0<\/p><div><strong>Contatto<\/strong><\/div><div>In caso di domande o dubbi sulla presente Informativa sulla privacy o sulle nostre pratiche, si prega di contattarci all'indirizzo info@taxi-brussels-airport.com.<\/div><p>\u00a0<\/p><div><strong>Data di entrata in vigore<\/strong><\/div><div>La presente informativa sulla privacy \u00e8 stata aggiornata l'ultima volta il 20 agosto 2023.<\/div>\t\t\t\t\t\t\t\t<\/div>\n\t\t\t\t<\/div>\n\t\t\t\t\t<\/div>\n\t\t<\/div>\n\t\t\t\t\t<\/div>\n\t\t<\/section>\n\t\t\t\t<\/div>","protected":false},"excerpt":{"rendered":"<p>Informativa sulla privacy La tutela della vostra privacy \u00e8 la nostra massima priorit\u00e0. Leggete la nostra informativa sulla privacy per informazioni dettagliate. taxi-bruxelles-airport.com (\"noi\", \"nostro\" o \"ci\") rispetta la vostra privacy e si impegna a proteggerla attraverso l'osservanza della presente Informativa sulla privacy.   La presente Informativa sulla privacy descrive i tipi di informazioni che possiamo raccogliere da voi o che [...]<\/p>","protected":false},"author":1,"featured_media":0,"parent":0,"menu_order":0,"comment_status":"closed","ping_status":"closed","template":"","meta":{"om_disable_all_campaigns":false,"_monsterinsights_skip_tracking":false,"_monsterinsights_sitenote_active":false,"_monsterinsights_sitenote_note":"","_monsterinsights_sitenote_category":0,"_uf_show_specific_survey":0,"_uf_disable_surveys":false,"site-sidebar-layout":"no-sidebar","site-content-layout":"page-builder","ast-site-content-layout":"default","site-content-style":"default","site-sidebar-style":"default","ast-global-header-display":"","ast-banner-title-visibility":"","ast-main-header-display":"","ast-hfb-above-header-display":"","ast-hfb-below-header-display":"","ast-hfb-mobile-header-display":"","site-post-title":"disabled","ast-breadcrumbs-content":"","ast-featured-img":"disabled","footer-sml-layout":"","ast-disable-related-posts":"","theme-transparent-header-meta":"enabled","adv-header-id-meta":"","stick-header-meta":"","header-above-stick-meta":"","header-main-stick-meta":"","header-below-stick-meta":"","astra-migrate-meta-layouts":"default","ast-page-background-enabled":"default","ast-page-background-meta":{"desktop":{"background-color":"var(--ast-global-color-4)","background-image":"","background-repeat":"repeat","background-position":"center center","background-size":"auto","background-attachment":"scroll","background-type":"","background-media":"","overlay-type":"","overlay-color":"","overlay-opacity":"","overlay-gradient":""},"tablet":{"background-color":"","background-image":"","background-repeat":"repeat","background-position":"center center","background-size":"auto","background-attachment":"scroll","background-type":"","background-media":"","overlay-type":"","overlay-color":"","overlay-opacity":"","overlay-gradient":""},"mobile":{"background-color":"","background-image":"","background-repeat":"repeat","background-position":"center center","background-size":"auto","background-attachment":"scroll","background-type":"","background-media":"","overlay-type":"","overlay-color":"","overlay-opacity":"","overlay-gradient":""}},"ast-content-background-meta":{"desktop":{"background-color":"var(--ast-global-color-5)","background-image":"","background-repeat":"repeat","background-position":"center center","background-size":"auto","background-attachment":"scroll","background-type":"","background-media":"","overlay-type":"","overlay-color":"","overlay-opacity":"","overlay-gradient":""},"tablet":{"background-color":"var(--ast-global-color-5)","background-image":"","background-repeat":"repeat","background-position":"center center","background-size":"auto","background-attachment":"scroll","background-type":"","background-media":"","overlay-type":"","overlay-color":"","overlay-opacity":"","overlay-gradient":""},"mobile":{"background-color":"var(--ast-global-color-5)","background-image":"","background-repeat":"repeat","background-position":"center center","background-size":"auto","background-attachment":"scroll","background-type":"","background-media":"","overlay-type":"","overlay-color":"","overlay-opacity":"","overlay-gradient":""}},"footnotes":""},"class_list":["post-25271","page","type-page","status-publish","hentry"],"_links":{"self":[{"href":"https:\/\/taxi-brussels-airport.com\/it\/wp-json\/wp\/v2\/pages\/25271","targetHints":{"allow":["GET"]}}],"collection":[{"href":"https:\/\/taxi-brussels-airport.com\/it\/wp-json\/wp\/v2\/pages"}],"about":[{"href":"https:\/\/taxi-brussels-airport.com\/it\/wp-json\/wp\/v2\/types\/page"}],"author":[{"embeddable":true,"href":"https:\/\/taxi-brussels-airport.com\/it\/wp-json\/wp\/v2\/users\/1"}],"replies":[{"embeddable":true,"href":"https:\/\/taxi-brussels-airport.com\/it\/wp-json\/wp\/v2\/comments?post=25271"}],"version-history":[{"count":40,"href":"https:\/\/taxi-brussels-airport.com\/it\/wp-json\/wp\/v2\/pages\/25271\/revisions"}],"predecessor-version":[{"id":26148,"href":"https:\/\/taxi-brussels-airport.com\/it\/wp-json\/wp\/v2\/pages\/25271\/revisions\/26148"}],"wp:attachment":[{"href":"https:\/\/taxi-brussels-airport.com\/it\/wp-json\/wp\/v2\/media?parent=25271"}],"curies":[{"name":"wp","href":"https:\/\/api.w.org\/{rel}","templated":true}]}}