{"id":158,"date":"2018-12-06T12:49:02","date_gmt":"2018-12-06T12:49:02","guid":{"rendered":"https:\/\/taxi-brussels-airport.com\/?page_id=158"},"modified":"2023-08-21T19:23:00","modified_gmt":"2023-08-21T18:23:00","slug":"terms-conditions","status":"publish","type":"page","link":"https:\/\/taxi-brussels-airport.com\/pt\/terms-conditions\/","title":{"rendered":"Termos e condi\u00e7\u00f5es"},"content":{"rendered":"<div data-elementor-type=\"wp-post\" data-elementor-id=\"158\" class=\"elementor elementor-158\">\n\t\t\t\t\t\t<section class=\"elementor-section elementor-top-section elementor-element elementor-element-9690a79 elementor-section-boxed elementor-section-height-default elementor-section-height-default\" data-id=\"9690a79\" data-element_type=\"section\" data-settings=\"{&quot;background_background&quot;:&quot;classic&quot;}\">\n\t\t\t\t\t\t\t<div class=\"elementor-background-overlay\"><\/div>\n\t\t\t\t\t\t\t<div class=\"elementor-container elementor-column-gap-default\">\n\t\t\t\t\t<div class=\"elementor-column elementor-col-100 elementor-top-column elementor-element elementor-element-69d31e9\" data-id=\"69d31e9\" data-element_type=\"column\">\n\t\t\t<div class=\"elementor-widget-wrap elementor-element-populated\">\n\t\t\t\t\t\t<div class=\"elementor-element elementor-element-b3f3576 elementor-widget elementor-widget-image-box\" data-id=\"b3f3576\" data-element_type=\"widget\" data-widget_type=\"image-box.default\">\n\t\t\t\t<div class=\"elementor-widget-container\">\n\t\t\t\t\t<div class=\"elementor-image-box-wrapper\"><div class=\"elementor-image-box-content\"><h1 class=\"elementor-image-box-title\">Terms &amp; Conditions<\/h1><p class=\"elementor-image-box-description\">Terms of Use for the Platform &amp; Service Operating under the Business Name \"Taxi Brussels Airport\"<\/p><\/div><\/div>\t\t\t\t<\/div>\n\t\t\t\t<\/div>\n\t\t\t\t\t<\/div>\n\t\t<\/div>\n\t\t\t\t\t<\/div>\n\t\t<\/section>\n\t\t\t\t<section class=\"elementor-section elementor-top-section elementor-element elementor-element-956eb93 elementor-section-content-top elementor-section-boxed elementor-section-height-default elementor-section-height-default\" data-id=\"956eb93\" data-element_type=\"section\" data-settings=\"{&quot;background_background&quot;:&quot;classic&quot;,&quot;shape_divider_bottom&quot;:&quot;waves&quot;}\">\n\t\t\t\t\t<div class=\"elementor-shape elementor-shape-bottom\" aria-hidden=\"true\" data-negative=\"false\">\n\t\t\t<svg xmlns=\"http:\/\/www.w3.org\/2000\/svg\" viewbox=\"0 0 1000 100\" preserveaspectratio=\"none\">\n\t<path class=\"elementor-shape-fill\" d=\"M421.9,6.5c22.6-2.5,51.5,0.4,75.5,5.3c23.6,4.9,70.9,23.5,100.5,35.7c75.8,32.2,133.7,44.5,192.6,49.7\tc23.6,2.1,48.7,3.5,103.4-2.5c54.7-6,106.2-25.6,106.2-25.6V0H0v30.3c0,0,72,32.6,158.4,30.5c39.2-0.7,92.8-6.7,134-22.4\tc21.2-8.1,52.2-18.2,79.7-24.2C399.3,7.9,411.6,7.5,421.9,6.5z\"\/>\n<\/svg>\t\t<\/div>\n\t\t\t\t\t<div class=\"elementor-container elementor-column-gap-default\">\n\t\t\t\t\t<div class=\"elementor-column elementor-col-50 elementor-top-column elementor-element elementor-element-daf9452\" data-id=\"daf9452\" data-element_type=\"column\">\n\t\t\t<div class=\"elementor-widget-wrap elementor-element-populated\">\n\t\t\t\t\t\t<div class=\"elementor-element elementor-element-8cd7d86 elementor-widget elementor-widget-html\" data-id=\"8cd7d86\" data-element_type=\"widget\" data-widget_type=\"html.default\">\n\t\t\t\t<div class=\"elementor-widget-container\">\n\t\t\t\t\t<script src=\"https:\/\/app.farebookings.com\/iframe-resizer\/iframeResizer.min.js\"><\/script><iframe id='myIframe' src=\"https:\/\/app.farebookings.com\/step1ssl.php?k=73b562994cdd22a99d3afbdd544e6298&s=f&d=pp&lng=gb\" width=\"100%\" height=\"1400px\" frameborder=\"0\" scrolling=\"no\"><\/iframe><script>iFrameResize({ log: true }, '#myIframe')<\/script>\t\t\t\t<\/div>\n\t\t\t\t<\/div>\n\t\t\t\t\t<\/div>\n\t\t<\/div>\n\t\t\t\t<div class=\"elementor-column elementor-col-50 elementor-top-column elementor-element elementor-element-d72c8c8\" data-id=\"d72c8c8\" data-element_type=\"column\" data-settings=\"{&quot;background_background&quot;:&quot;classic&quot;}\">\n\t\t\t<div class=\"elementor-widget-wrap elementor-element-populated\">\n\t\t\t\t\t\t<div class=\"elementor-element elementor-element-3c4b297 elementor-widget__width-initial elementor-widget elementor-widget-text-editor\" data-id=\"3c4b297\" data-element_type=\"widget\" data-widget_type=\"text-editor.default\">\n\t\t\t\t<div class=\"elementor-widget-container\">\n\t\t\t\t\t\t\t\t\t<p>Estes <b>Termos e condi\u00e7\u00f5es<\/b> (\"Acordo\") regem a sua utiliza\u00e7\u00e3o do website taxi-brussels-airport.com (\"Website\"). Ao aceder ou utilizar o Website, o utilizador concorda em ficar vinculado por este Acordo. Se n\u00e3o concordar com este Acordo, n\u00e3o poder\u00e1 aceder ou utilizar o Website.<\/p><p><strong>Servi\u00e7os<\/strong><\/p><p>Prestamos servi\u00e7os de reserva de t\u00e1xis atrav\u00e9s do nosso s\u00edtio Web. O utilizador pode utilizar os nossos servi\u00e7os para reservar um t\u00e1xi para si ou para outra pessoa.<\/p><p><strong>Conta de utilizador<\/strong><\/p><p>Para utilizar os nossos servi\u00e7os, o utilizador deve criar uma conta no nosso s\u00edtio Web. O utilizador \u00e9 respons\u00e1vel por manter a confidencialidade das informa\u00e7\u00f5es da sua conta, incluindo o nome de utilizador e a palavra-passe. O utilizador concorda em notificar-nos imediatamente de qualquer utiliza\u00e7\u00e3o n\u00e3o autorizada da sua conta.<\/p><p><strong>Reserva<\/strong><\/p><p>O utilizador pode reservar um t\u00e1xi atrav\u00e9s do nosso Web site, fornecendo o seu local de recolha e entrega, hora e data. O utilizador deve fornecer informa\u00e7\u00f5es exactas e completas ao efetuar uma reserva. Podemos cancelar a sua reserva se determinarmos que as suas informa\u00e7\u00f5es est\u00e3o incorrectas ou incompletas.<\/p><p><b>Pagamento<\/b><\/p><p>O pagamento do servi\u00e7o de t\u00e1xi deve ser efectuado no momento da reserva. Aceitamos pagamentos por cart\u00e3o de cr\u00e9dito e cart\u00e3o de d\u00e9bito. O utilizador deve fornecer informa\u00e7\u00f5es de pagamento exactas e completas ao efetuar uma reserva. Podemos cancelar a sua reserva se n\u00e3o conseguirmos processar o seu pagamento.<\/p><p><strong>Cancelamento e reembolsos<\/strong><\/p><p>Pode cancelar a sua reserva at\u00e9 24 horas antes da hora de levantamento. O pagamento ser\u00e1 reembolsado se o cancelamento for efectuado dentro deste prazo. Se o cancelamento for efectuado menos de 24 horas antes da hora de levantamento, poder\u00e1 ser cobrada uma taxa de cancelamento. Tamb\u00e9m podemos cobrar uma taxa de cancelamento se o utilizador n\u00e3o comparecer para a sua reserva.<\/p><p><strong>Propriedade intelectual<\/strong><\/p><p>O Website e todo o seu conte\u00fado, caracter\u00edsticas e funcionalidade (incluindo, mas n\u00e3o se limitando a todas as informa\u00e7\u00f5es, software, texto, ecr\u00e3s, imagens, v\u00eddeo e \u00e1udio, e a conce\u00e7\u00e3o, sele\u00e7\u00e3o e organiza\u00e7\u00e3o dos mesmos), s\u00e3o propriedade nossa, dos nossos licenciantes ou de outros fornecedores desse material e est\u00e3o protegidos por direitos de autor, marcas comerciais, patentes, segredos comerciais e outras leis de propriedade intelectual ou direitos de propriedade do Reino Unido e internacionais.<\/p><p><strong>Exclus\u00e3o de garantias<\/strong><\/p><p>N\u00e3o garantimos que o Web site ou os nossos servi\u00e7os sejam ininterruptos ou isentos de erros. Fornecemos os nossos servi\u00e7os numa base \"tal como est\u00e1\" e \"conforme dispon\u00edvel\", sem quaisquer garantias de qualquer tipo.<\/p><p><strong>Limita\u00e7\u00e3o da responsabilidade<\/strong><\/p><p>Em caso algum seremos respons\u00e1veis por quaisquer danos indirectos, acidentais, especiais, punitivos ou consequenciais resultantes de ou relacionados com a sua utiliza\u00e7\u00e3o do Website ou dos nossos servi\u00e7os, incluindo, mas n\u00e3o se limitando a, perda de lucros, perda de dados ou interrup\u00e7\u00e3o de neg\u00f3cios.<\/p><p><strong>Indemniza\u00e7\u00e3o<\/strong><\/p><p>O utilizador concorda em indemnizar e isentar-nos, bem como aos nossos afiliados, respons\u00e1veis, agentes e funcion\u00e1rios, de qualquer reclama\u00e7\u00e3o ou exig\u00eancia, incluindo honor\u00e1rios razo\u00e1veis de advogados, feita por qualquer terceiro devido a ou resultante da viola\u00e7\u00e3o deste Contrato por parte do utilizador ou da viola\u00e7\u00e3o de qualquer lei ou dos direitos de um terceiro.<\/p><p><strong>Rescis\u00e3o<\/strong><\/p><p>Podemos terminar a sua conta e o seu acesso ao Website em qualquer altura, por qualquer motivo ou sem motivo, sem aviso pr\u00e9vio ou responsabilidade para com o utilizador.<\/p><p><strong>Lei aplic\u00e1vel e jurisdi\u00e7\u00e3o<\/strong><\/p><p>Este Acordo ser\u00e1 regido e interpretado de acordo com as leis do Reino Unido, sem dar efeito a quaisquer princ\u00edpios de conflitos de leis. Qualquer processo legal, a\u00e7\u00e3o ou procedimento decorrente ou relacionado com este Acordo ou com o Website ser\u00e1 institu\u00eddo exclusivamente nos tribunais do Reino Unido.<\/p><p><strong>Altera\u00e7\u00f5es ao presente acordo<\/strong><\/p><p>Podemos modificar este Acordo em qualquer altura e a vers\u00e3o revista entrar\u00e1 em vigor quando for publicada no Website. Aconselhamos o utilizador a rever este Acordo periodicamente.<\/p><p><strong>Contactar-nos<\/strong><\/p><p>Se tiver alguma quest\u00e3o ou d\u00favida sobre este Contrato ou sobre os nossos servi\u00e7os, contacte-nos atrav\u00e9s do endere\u00e7o info@taxi-brussels-airport.com<\/p><p><strong>Data efectiva<\/strong><\/p><p>O presente Acordo foi atualizado pela \u00faltima vez em 20 de agosto de 2023.<\/p>\t\t\t\t\t\t\t\t<\/div>\n\t\t\t\t<\/div>\n\t\t\t\t\t<\/div>\n\t\t<\/div>\n\t\t\t\t\t<\/div>\n\t\t<\/section>\n\t\t\t\t<\/div>","protected":false},"excerpt":{"rendered":"<p>Termos e condi\u00e7\u00f5es Termos de utiliza\u00e7\u00e3o da plataforma e servi\u00e7o que opera sob a designa\u00e7\u00e3o comercial \"Taxi Brussels Airport\" Os presentes Termos e condi\u00e7\u00f5es (\"Acordo\") regem a utiliza\u00e7\u00e3o do s\u00edtio Web taxi-brussels-airport.com (\"S\u00edtio Web\"). Ao aceder ou utilizar o s\u00edtio Web, o utilizador aceita ficar vinculado ao presente Acordo. Se n\u00e3o concordar com este Acordo, o utilizador [...]<\/p>","protected":false},"author":1,"featured_media":0,"parent":0,"menu_order":0,"comment_status":"closed","ping_status":"closed","template":"","meta":{"om_disable_all_campaigns":false,"_monsterinsights_skip_tracking":false,"_monsterinsights_sitenote_active":false,"_monsterinsights_sitenote_note":"","_monsterinsights_sitenote_category":0,"_uf_show_specific_survey":0,"_uf_disable_surveys":false,"site-sidebar-layout":"no-sidebar","site-content-layout":"page-builder","ast-site-content-layout":"default","site-content-style":"default","site-sidebar-style":"default","ast-global-header-display":"","ast-banner-title-visibility":"","ast-main-header-display":"","ast-hfb-above-header-display":"","ast-hfb-below-header-display":"","ast-hfb-mobile-header-display":"","site-post-title":"disabled","ast-breadcrumbs-content":"","ast-featured-img":"disabled","footer-sml-layout":"","ast-disable-related-posts":"","theme-transparent-header-meta":"enabled","adv-header-id-meta":"","stick-header-meta":"","header-above-stick-meta":"","header-main-stick-meta":"","header-below-stick-meta":"","astra-migrate-meta-layouts":"default","ast-page-background-enabled":"default","ast-page-background-meta":{"desktop":{"background-color":"var(--ast-global-color-4)","background-image":"","background-repeat":"repeat","background-position":"center center","background-size":"auto","background-attachment":"scroll","background-type":"","background-media":"","overlay-type":"","overlay-color":"","overlay-opacity":"","overlay-gradient":""},"tablet":{"background-color":"","background-image":"","background-repeat":"repeat","background-position":"center center","background-size":"auto","background-attachment":"scroll","background-type":"","background-media":"","overlay-type":"","overlay-color":"","overlay-opacity":"","overlay-gradient":""},"mobile":{"background-color":"","background-image":"","background-repeat":"repeat","background-position":"center center","background-size":"auto","background-attachment":"scroll","background-type":"","background-media":"","overlay-type":"","overlay-color":"","overlay-opacity":"","overlay-gradient":""}},"ast-content-background-meta":{"desktop":{"background-color":"var(--ast-global-color-5)","background-image":"","background-repeat":"repeat","background-position":"center center","background-size":"auto","background-attachment":"scroll","background-type":"","background-media":"","overlay-type":"","overlay-color":"","overlay-opacity":"","overlay-gradient":""},"tablet":{"background-color":"var(--ast-global-color-5)","background-image":"","background-repeat":"repeat","background-position":"center center","background-size":"auto","background-attachment":"scroll","background-type":"","background-media":"","overlay-type":"","overlay-color":"","overlay-opacity":"","overlay-gradient":""},"mobile":{"background-color":"var(--ast-global-color-5)","background-image":"","background-repeat":"repeat","background-position":"center center","background-size":"auto","background-attachment":"scroll","background-type":"","background-media":"","overlay-type":"","overlay-color":"","overlay-opacity":"","overlay-gradient":""}},"footnotes":""},"class_list":["post-158","page","type-page","status-publish","hentry"],"_links":{"self":[{"href":"https:\/\/taxi-brussels-airport.com\/pt\/wp-json\/wp\/v2\/pages\/158","targetHints":{"allow":["GET"]}}],"collection":[{"href":"https:\/\/taxi-brussels-airport.com\/pt\/wp-json\/wp\/v2\/pages"}],"about":[{"href":"https:\/\/taxi-brussels-airport.com\/pt\/wp-json\/wp\/v2\/types\/page"}],"author":[{"embeddable":true,"href":"https:\/\/taxi-brussels-airport.com\/pt\/wp-json\/wp\/v2\/users\/1"}],"replies":[{"embeddable":true,"href":"https:\/\/taxi-brussels-airport.com\/pt\/wp-json\/wp\/v2\/comments?post=158"}],"version-history":[{"count":81,"href":"https:\/\/taxi-brussels-airport.com\/pt\/wp-json\/wp\/v2\/pages\/158\/revisions"}],"predecessor-version":[{"id":26151,"href":"https:\/\/taxi-brussels-airport.com\/pt\/wp-json\/wp\/v2\/pages\/158\/revisions\/26151"}],"wp:attachment":[{"href":"https:\/\/taxi-brussels-airport.com\/pt\/wp-json\/wp\/v2\/media?parent=158"}],"curies":[{"name":"wp","href":"https:\/\/api.w.org\/{rel}","templated":true}]}}