{"id":25271,"date":"2023-07-06T22:21:09","date_gmt":"2023-07-06T21:21:09","guid":{"rendered":"https:\/\/taxi-brussels-airport.com\/?page_id=25271"},"modified":"2023-08-21T19:22:24","modified_gmt":"2023-08-21T18:22:24","slug":"privacy-policy","status":"publish","type":"page","link":"https:\/\/taxi-brussels-airport.com\/pt\/privacy-policy\/","title":{"rendered":"Pol\u00edtica de privacidade"},"content":{"rendered":"<div data-elementor-type=\"wp-post\" data-elementor-id=\"25271\" class=\"elementor elementor-25271\">\n\t\t\t\t\t\t<section class=\"elementor-section elementor-top-section elementor-element elementor-element-9690a79 elementor-section-boxed elementor-section-height-default elementor-section-height-default\" data-id=\"9690a79\" data-element_type=\"section\" data-settings=\"{&quot;background_background&quot;:&quot;classic&quot;}\">\n\t\t\t\t\t\t\t<div class=\"elementor-background-overlay\"><\/div>\n\t\t\t\t\t\t\t<div class=\"elementor-container elementor-column-gap-default\">\n\t\t\t\t\t<div class=\"elementor-column elementor-col-100 elementor-top-column elementor-element elementor-element-69d31e9\" data-id=\"69d31e9\" data-element_type=\"column\">\n\t\t\t<div class=\"elementor-widget-wrap elementor-element-populated\">\n\t\t\t\t\t\t<div class=\"elementor-element elementor-element-b3f3576 elementor-widget elementor-widget-image-box\" data-id=\"b3f3576\" data-element_type=\"widget\" data-widget_type=\"image-box.default\">\n\t\t\t\t<div class=\"elementor-widget-container\">\n\t\t\t\t\t<div class=\"elementor-image-box-wrapper\"><div class=\"elementor-image-box-content\"><h1 class=\"elementor-image-box-title\">Pol\u00edtica de privacidade<\/h1><p class=\"elementor-image-box-description\">A prote\u00e7\u00e3o da sua privacidade \u00e9 a nossa principal prioridade. Leia a nossa pol\u00edtica de privacidade abrangente para obter informa\u00e7\u00f5es pormenorizadas.<\/p><\/div><\/div>\t\t\t\t<\/div>\n\t\t\t\t<\/div>\n\t\t\t\t\t<\/div>\n\t\t<\/div>\n\t\t\t\t\t<\/div>\n\t\t<\/section>\n\t\t\t\t<section class=\"elementor-section elementor-top-section elementor-element elementor-element-956eb93 elementor-section-content-top elementor-section-boxed elementor-section-height-default elementor-section-height-default\" data-id=\"956eb93\" data-element_type=\"section\" data-settings=\"{&quot;background_background&quot;:&quot;classic&quot;,&quot;shape_divider_bottom&quot;:&quot;waves&quot;}\">\n\t\t\t\t\t<div class=\"elementor-shape elementor-shape-bottom\" aria-hidden=\"true\" data-negative=\"false\">\n\t\t\t<svg xmlns=\"http:\/\/www.w3.org\/2000\/svg\" viewbox=\"0 0 1000 100\" preserveaspectratio=\"none\">\n\t<path class=\"elementor-shape-fill\" d=\"M421.9,6.5c22.6-2.5,51.5,0.4,75.5,5.3c23.6,4.9,70.9,23.5,100.5,35.7c75.8,32.2,133.7,44.5,192.6,49.7\tc23.6,2.1,48.7,3.5,103.4-2.5c54.7-6,106.2-25.6,106.2-25.6V0H0v30.3c0,0,72,32.6,158.4,30.5c39.2-0.7,92.8-6.7,134-22.4\tc21.2-8.1,52.2-18.2,79.7-24.2C399.3,7.9,411.6,7.5,421.9,6.5z\"\/>\n<\/svg>\t\t<\/div>\n\t\t\t\t\t<div class=\"elementor-container elementor-column-gap-default\">\n\t\t\t\t\t<div class=\"elementor-column elementor-col-50 elementor-top-column elementor-element elementor-element-daf9452\" data-id=\"daf9452\" data-element_type=\"column\">\n\t\t\t<div class=\"elementor-widget-wrap elementor-element-populated\">\n\t\t\t\t\t\t<div class=\"elementor-element elementor-element-9c20e7a elementor-widget elementor-widget-html\" data-id=\"9c20e7a\" data-element_type=\"widget\" data-widget_type=\"html.default\">\n\t\t\t\t<div class=\"elementor-widget-container\">\n\t\t\t\t\t<script src=\"https:\/\/app.farebookings.com\/iframe-resizer\/iframeResizer.min.js\"><\/script><iframe id='myIframe' src=\"https:\/\/app.farebookings.com\/step1ssl.php?k=73b562994cdd22a99d3afbdd544e6298&s=f&d=pp&lng=gb\" width=\"100%\" height=\"1400px\" frameborder=\"0\" scrolling=\"no\"><\/iframe><script>iFrameResize({ log: true }, '#myIframe')<\/script>\t\t\t\t<\/div>\n\t\t\t\t<\/div>\n\t\t\t\t\t<\/div>\n\t\t<\/div>\n\t\t\t\t<div class=\"elementor-column elementor-col-50 elementor-top-column elementor-element elementor-element-d72c8c8\" data-id=\"d72c8c8\" data-element_type=\"column\" data-settings=\"{&quot;background_background&quot;:&quot;classic&quot;}\">\n\t\t\t<div class=\"elementor-widget-wrap elementor-element-populated\">\n\t\t\t\t\t\t<div class=\"elementor-element elementor-element-3c4b297 elementor-widget elementor-widget-text-editor\" data-id=\"3c4b297\" data-element_type=\"widget\" data-widget_type=\"text-editor.default\">\n\t\t\t\t<div class=\"elementor-widget-container\">\n\t\t\t\t\t\t\t\t\t<div>O taxi-brussels-airport.com (\"n\u00f3s\", \"nosso\" ou \"nos\") respeita a sua privacidade e est\u00e1 empenhado em proteg\u00ea-la atrav\u00e9s do cumprimento desta Pol\u00edtica de Privacidade.<\/div><p>\u00a0<\/p><div>Esta Pol\u00edtica de Privacidade descreve os tipos de informa\u00e7\u00f5es que podemos recolher do utilizador ou que este nos pode fornecer quando visita o nosso website taxi-brussels-airport.com (o \"Website\") e as nossas pr\u00e1ticas de recolha, utiliza\u00e7\u00e3o, manuten\u00e7\u00e3o, prote\u00e7\u00e3o e divulga\u00e7\u00e3o dessas informa\u00e7\u00f5es.<\/div><p>\u00a0<\/p><div><strong>Informa\u00e7\u00f5es que recolhemos<\/strong><\/div><p>\u00a0<\/p><div>Podemos recolher informa\u00e7\u00f5es que nos fornece diretamente, como o seu nome, endere\u00e7o de correio eletr\u00f3nico, n\u00famero de telefone e informa\u00e7\u00f5es de pagamento quando efectua uma reserva no nosso Website. Tamb\u00e9m podemos recolher informa\u00e7\u00f5es automaticamente \u00e0 medida que o utilizador navega no Website, tais como detalhes de utiliza\u00e7\u00e3o, endere\u00e7os IP e informa\u00e7\u00f5es recolhidas atrav\u00e9s de cookies e outras tecnologias de rastreio.<\/div><p>\u00a0<\/p><div><strong>Como utilizamos as suas informa\u00e7\u00f5es<\/strong><\/div><div>Podemos utilizar as informa\u00e7\u00f5es que recolhemos do utilizador para lhe prestar os nossos servi\u00e7os, processar o seu pagamento, responder \u00e0s suas quest\u00f5es e comunicar com o utilizador sobre a sua reserva. Tamb\u00e9m podemos utilizar as informa\u00e7\u00f5es para fins comerciais internos, como para melhorar o nosso Web site e os nossos servi\u00e7os, para analisar tend\u00eancias e para evitar fraudes.<\/div><p>\u00a0<\/p><div><strong>Divulga\u00e7\u00e3o das suas informa\u00e7\u00f5es<\/strong><\/div><div>Podemos divulgar as informa\u00e7\u00f5es do utilizador a terceiros, tais como os nossos prestadores de servi\u00e7os e afiliados, para prestar os nossos servi\u00e7os ao utilizador, processar o seu pagamento e comunicar com o utilizador sobre a sua reserva. Tamb\u00e9m podemos divulgar as suas informa\u00e7\u00f5es para cumprir as leis e regulamentos aplic\u00e1veis, para responder a uma intima\u00e7\u00e3o, mandado de busca ou outro pedido legal de informa\u00e7\u00f5es que recebamos, ou para proteger os nossos direitos ou os direitos de terceiros.<\/div><p>\u00a0<\/p><div><strong>Seguran\u00e7a das suas informa\u00e7\u00f5es<\/strong><\/div><div>Implement\u00e1mos medidas razo\u00e1veis para proteger as suas informa\u00e7\u00f5es contra acesso, utiliza\u00e7\u00e3o ou divulga\u00e7\u00e3o n\u00e3o autorizados. No entanto, nenhuma transmiss\u00e3o de dados pela Internet ou sistema de armazenamento pode ser garantida como 100% segura.<\/div><p>\u00a0<\/p><div><strong>As suas escolhas<\/strong><\/div><div>O utilizador pode optar por n\u00e3o receber as nossas comunica\u00e7\u00f5es de marketing seguindo as instru\u00e7\u00f5es de anula\u00e7\u00e3o da subscri\u00e7\u00e3o na comunica\u00e7\u00e3o. No entanto, poderemos continuar a enviar-lhe comunica\u00e7\u00f5es n\u00e3o comerciais relacionadas com a sua reserva.<\/div><p>\u00a0<\/p><div><strong>Altera\u00e7\u00f5es \u00e0 nossa pol\u00edtica de privacidade<\/strong><\/div><div>Poderemos atualizar esta Pol\u00edtica de Privacidade periodicamente e a vers\u00e3o revista entrar\u00e1 em vigor quando for publicada no Web site. Aconselhamos o utilizador a rever esta Pol\u00edtica de Privacidade periodicamente.<\/div><p>\u00a0<\/p><div><strong>Contactar-nos<\/strong><\/div><div>Se tiver alguma quest\u00e3o ou d\u00favida sobre esta Pol\u00edtica de Privacidade ou sobre as nossas pr\u00e1ticas, contacte-nos atrav\u00e9s do endere\u00e7o info@taxi-brussels-airport.com.<\/div><p>\u00a0<\/p><div><strong>Data efectiva<\/strong><\/div><div>Esta Pol\u00edtica de Privacidade foi actualizada pela \u00faltima vez em 20 de agosto de 2023<\/div>\t\t\t\t\t\t\t\t<\/div>\n\t\t\t\t<\/div>\n\t\t\t\t\t<\/div>\n\t\t<\/div>\n\t\t\t\t\t<\/div>\n\t\t<\/section>\n\t\t\t\t<\/div>","protected":false},"excerpt":{"rendered":"<p>Pol\u00edtica de privacidade A prote\u00e7\u00e3o da sua privacidade \u00e9 a nossa principal prioridade. Leia a nossa pol\u00edtica de privacidade abrangente para obter informa\u00e7\u00f5es detalhadas. taxi-brussels-airport.com (\"n\u00f3s\", \"nosso\" ou \"nos\") respeita a sua privacidade e est\u00e1 empenhado em proteg\u00ea-la atrav\u00e9s do cumprimento desta Pol\u00edtica de Privacidade.   Esta Pol\u00edtica de Privacidade descreve os tipos de informa\u00e7\u00e3o que podemos recolher do utilizador ou que o utilizador [...]<\/p>","protected":false},"author":1,"featured_media":0,"parent":0,"menu_order":0,"comment_status":"closed","ping_status":"closed","template":"","meta":{"om_disable_all_campaigns":false,"_monsterinsights_skip_tracking":false,"_monsterinsights_sitenote_active":false,"_monsterinsights_sitenote_note":"","_monsterinsights_sitenote_category":0,"_uf_show_specific_survey":0,"_uf_disable_surveys":false,"site-sidebar-layout":"no-sidebar","site-content-layout":"page-builder","ast-site-content-layout":"default","site-content-style":"default","site-sidebar-style":"default","ast-global-header-display":"","ast-banner-title-visibility":"","ast-main-header-display":"","ast-hfb-above-header-display":"","ast-hfb-below-header-display":"","ast-hfb-mobile-header-display":"","site-post-title":"disabled","ast-breadcrumbs-content":"","ast-featured-img":"disabled","footer-sml-layout":"","ast-disable-related-posts":"","theme-transparent-header-meta":"enabled","adv-header-id-meta":"","stick-header-meta":"","header-above-stick-meta":"","header-main-stick-meta":"","header-below-stick-meta":"","astra-migrate-meta-layouts":"default","ast-page-background-enabled":"default","ast-page-background-meta":{"desktop":{"background-color":"var(--ast-global-color-4)","background-image":"","background-repeat":"repeat","background-position":"center center","background-size":"auto","background-attachment":"scroll","background-type":"","background-media":"","overlay-type":"","overlay-color":"","overlay-opacity":"","overlay-gradient":""},"tablet":{"background-color":"","background-image":"","background-repeat":"repeat","background-position":"center center","background-size":"auto","background-attachment":"scroll","background-type":"","background-media":"","overlay-type":"","overlay-color":"","overlay-opacity":"","overlay-gradient":""},"mobile":{"background-color":"","background-image":"","background-repeat":"repeat","background-position":"center center","background-size":"auto","background-attachment":"scroll","background-type":"","background-media":"","overlay-type":"","overlay-color":"","overlay-opacity":"","overlay-gradient":""}},"ast-content-background-meta":{"desktop":{"background-color":"var(--ast-global-color-5)","background-image":"","background-repeat":"repeat","background-position":"center center","background-size":"auto","background-attachment":"scroll","background-type":"","background-media":"","overlay-type":"","overlay-color":"","overlay-opacity":"","overlay-gradient":""},"tablet":{"background-color":"var(--ast-global-color-5)","background-image":"","background-repeat":"repeat","background-position":"center center","background-size":"auto","background-attachment":"scroll","background-type":"","background-media":"","overlay-type":"","overlay-color":"","overlay-opacity":"","overlay-gradient":""},"mobile":{"background-color":"var(--ast-global-color-5)","background-image":"","background-repeat":"repeat","background-position":"center center","background-size":"auto","background-attachment":"scroll","background-type":"","background-media":"","overlay-type":"","overlay-color":"","overlay-opacity":"","overlay-gradient":""}},"footnotes":""},"class_list":["post-25271","page","type-page","status-publish","hentry"],"_links":{"self":[{"href":"https:\/\/taxi-brussels-airport.com\/pt\/wp-json\/wp\/v2\/pages\/25271","targetHints":{"allow":["GET"]}}],"collection":[{"href":"https:\/\/taxi-brussels-airport.com\/pt\/wp-json\/wp\/v2\/pages"}],"about":[{"href":"https:\/\/taxi-brussels-airport.com\/pt\/wp-json\/wp\/v2\/types\/page"}],"author":[{"embeddable":true,"href":"https:\/\/taxi-brussels-airport.com\/pt\/wp-json\/wp\/v2\/users\/1"}],"replies":[{"embeddable":true,"href":"https:\/\/taxi-brussels-airport.com\/pt\/wp-json\/wp\/v2\/comments?post=25271"}],"version-history":[{"count":40,"href":"https:\/\/taxi-brussels-airport.com\/pt\/wp-json\/wp\/v2\/pages\/25271\/revisions"}],"predecessor-version":[{"id":26148,"href":"https:\/\/taxi-brussels-airport.com\/pt\/wp-json\/wp\/v2\/pages\/25271\/revisions\/26148"}],"wp:attachment":[{"href":"https:\/\/taxi-brussels-airport.com\/pt\/wp-json\/wp\/v2\/media?parent=25271"}],"curies":[{"name":"wp","href":"https:\/\/api.w.org\/{rel}","templated":true}]}}